{"id":157,"date":"2025-10-02T13:38:05","date_gmt":"2025-10-02T13:38:05","guid":{"rendered":"https:\/\/atalimentaria.com\/web\/?page_id=157"},"modified":"2026-01-08T14:24:50","modified_gmt":"2026-01-08T14:24:50","slug":"nosotros","status":"publish","type":"page","link":"https:\/\/atalimentaria.com\/web\/nosotros\/","title":{"rendered":"Nosotros"},"content":{"rendered":"\t\t<div data-elementor-type=\"wp-page\" data-elementor-id=\"157\" class=\"elementor elementor-157\" data-elementor-post-type=\"page\">\n\t\t\t\t<div class=\"elementor-element elementor-element-70000fc5 e-flex e-con-boxed e-con e-parent\" data-id=\"70000fc5\" data-element_type=\"container\" data-e-type=\"container\" data-settings=\"{&quot;background_background&quot;:&quot;classic&quot;}\">\n\t\t\t\t\t<div class=\"e-con-inner\">\n\t\t<div class=\"elementor-element elementor-element-11398802 e-con-full e-flex e-con e-child\" data-id=\"11398802\" data-element_type=\"container\" data-e-type=\"container\">\n\t\t\t\t<div class=\"elementor-element elementor-element-6db1bd11 elementor-invisible elementor-widget elementor-widget-heading\" data-id=\"6db1bd11\" data-element_type=\"widget\" data-e-type=\"widget\" data-settings=\"{&quot;_animation&quot;:&quot;fadeInUp&quot;,&quot;_animation_delay&quot;:200}\" data-widget_type=\"heading.default\">\n\t\t\t\t\t<h1 class=\"elementor-heading-title elementor-size-default\">Nosotros<\/h1>\t\t\t\t<\/div>\n\t\t\t\t<\/div>\n\t\t<div class=\"elementor-element elementor-element-154caf9a e-con-full e-flex e-con e-child\" data-id=\"154caf9a\" data-element_type=\"container\" data-e-type=\"container\">\n\t\t\t\t<div class=\"elementor-element elementor-element-3a09414d elementor-invisible elementor-widget elementor-widget-image\" data-id=\"3a09414d\" data-element_type=\"widget\" data-e-type=\"widget\" data-settings=\"{&quot;_animation&quot;:&quot;fadeInDown&quot;}\" data-widget_type=\"image.default\">\n\t\t\t\t\t\t\t\t\t\t\t\t\t\t\t<img fetchpriority=\"high\" decoding=\"async\" width=\"800\" height=\"600\" src=\"https:\/\/atalimentaria.com\/web\/wp-content\/uploads\/2025\/10\/1.jpg\" class=\"attachment-large size-large wp-image-217\" alt=\"\" srcset=\"https:\/\/atalimentaria.com\/web\/wp-content\/uploads\/2025\/10\/1.jpg 1024w, https:\/\/atalimentaria.com\/web\/wp-content\/uploads\/2025\/10\/1-300x225.jpg 300w, https:\/\/atalimentaria.com\/web\/wp-content\/uploads\/2025\/10\/1-768x576.jpg 768w\" sizes=\"(max-width: 800px) 100vw, 800px\" \/>\t\t\t\t\t\t\t\t\t\t\t\t\t\t\t<\/div>\n\t\t\t\t<\/div>\n\t\t\t\t\t<\/div>\n\t\t\t\t<\/div>\n\t\t<div class=\"elementor-element elementor-element-4433c970 e-flex e-con-boxed e-con e-parent\" data-id=\"4433c970\" data-element_type=\"container\" data-e-type=\"container\">\n\t\t\t\t\t<div class=\"e-con-inner\">\n\t\t<div class=\"elementor-element elementor-element-198f205d e-con-full e-flex e-con e-child\" data-id=\"198f205d\" data-element_type=\"container\" data-e-type=\"container\">\n\t\t\t\t<div class=\"elementor-element elementor-element-40f5c16b elementor-invisible elementor-widget elementor-widget-image\" data-id=\"40f5c16b\" data-element_type=\"widget\" data-e-type=\"widget\" data-settings=\"{&quot;_animation&quot;:&quot;fadeInLeft&quot;}\" data-widget_type=\"image.default\">\n\t\t\t\t\t\t\t\t\t\t\t\t\t\t\t<img decoding=\"async\" width=\"1024\" height=\"768\" src=\"https:\/\/atalimentaria.com\/web\/wp-content\/uploads\/2025\/10\/2.jpg\" class=\"attachment-full size-full wp-image-218\" alt=\"\" srcset=\"https:\/\/atalimentaria.com\/web\/wp-content\/uploads\/2025\/10\/2.jpg 1024w, https:\/\/atalimentaria.com\/web\/wp-content\/uploads\/2025\/10\/2-300x225.jpg 300w, https:\/\/atalimentaria.com\/web\/wp-content\/uploads\/2025\/10\/2-768x576.jpg 768w\" sizes=\"(max-width: 1024px) 100vw, 1024px\" \/>\t\t\t\t\t\t\t\t\t\t\t\t\t\t\t<\/div>\n\t\t\t\t<div class=\"elementor-element elementor-element-7dfec9c elementor-absolute elementor-invisible elementor-widget elementor-widget-icon-box\" data-id=\"7dfec9c\" data-element_type=\"widget\" data-e-type=\"widget\" data-settings=\"{&quot;_position&quot;:&quot;absolute&quot;,&quot;_animation&quot;:&quot;fadeInUp&quot;}\" data-widget_type=\"icon-box.default\">\n\t\t\t\t\t\t\t<div class=\"elementor-icon-box-wrapper\">\n\n\t\t\t\n\t\t\t\t\t\t<div class=\"elementor-icon-box-content\">\n\n\t\t\t\t\t\t\t\t\t<div class=\"elementor-icon-box-title\">\n\t\t\t\t\t\t<span  >\n\t\t\t\t\t\t\tA\u00f1os de experiencia\t\t\t\t\t\t<\/span>\n\t\t\t\t\t<\/div>\n\t\t\t\t\n\t\t\t\t\t\t\t\t\t<p class=\"elementor-icon-box-description\">\n\t\t\t\t\t\t20+\t\t\t\t\t<\/p>\n\t\t\t\t\n\t\t\t<\/div>\n\t\t\t\n\t\t<\/div>\n\t\t\t\t\t\t<\/div>\n\t\t\t\t<\/div>\n\t\t<div class=\"elementor-element elementor-element-5dc8d6ec e-con-full e-flex elementor-invisible e-con e-child\" data-id=\"5dc8d6ec\" data-element_type=\"container\" data-e-type=\"container\" data-settings=\"{&quot;animation&quot;:&quot;fadeInRight&quot;}\">\n\t\t\t\t<div class=\"elementor-element elementor-element-2771481a elementor-widget elementor-widget-heading\" data-id=\"2771481a\" data-element_type=\"widget\" data-e-type=\"widget\" data-widget_type=\"heading.default\">\n\t\t\t\t\t<h6 class=\"elementor-heading-title elementor-size-default\">Qui\u00e9nes somos<\/h6>\t\t\t\t<\/div>\n\t\t\t\t<div class=\"elementor-element elementor-element-3e85325e elementor-widget elementor-widget-heading\" data-id=\"3e85325e\" data-element_type=\"widget\" data-e-type=\"widget\" data-widget_type=\"heading.default\">\n\t\t\t\t\t<h2 class=\"elementor-heading-title elementor-size-default\">Con\u00f3zcanos: la experiencia detr\u00e1s de ATA<\/h2>\t\t\t\t<\/div>\n\t\t\t\t<div class=\"elementor-element elementor-element-6cd321a2 elementor-widget elementor-widget-heading\" data-id=\"6cd321a2\" data-element_type=\"widget\" data-e-type=\"widget\" data-widget_type=\"heading.default\">\n\t\t\t\t\t<h5 class=\"elementor-heading-title elementor-size-default\">\"Donde est\u00e1 el trabajo fuerte, nosotros llevamos la energ\u00eda reparadora\"<\/h5>\t\t\t\t<\/div>\n\t\t\t\t<div class=\"elementor-element elementor-element-5f4210a elementor-widget elementor-widget-heading\" data-id=\"5f4210a\" data-element_type=\"widget\" data-e-type=\"widget\" data-widget_type=\"heading.default\">\n\t\t\t\t\t<div class=\"elementor-heading-title elementor-size-default\">Somos una empresa argentina radicada en San Juan y con amplia trayectoria en servicios de alimentaci\u00f3n institucional, hoteler\u00eda y soporte integral en sitios remotos.\nNuestro equipo ha liderado operaciones en condiciones extremas, brindando atenci\u00f3n simult\u00e1nea a miles de comensales con los m\u00e1s altos est\u00e1ndares de calidad, seguridad alimentaria y cuidado del bienestar de las personas.<\/div>\t\t\t\t<\/div>\n\t\t<div class=\"elementor-element elementor-element-3685f519 e-con-full e-grid e-con e-child\" data-id=\"3685f519\" data-element_type=\"container\" data-e-type=\"container\">\n\t\t\t\t<div class=\"elementor-element elementor-element-3d511d08 elementor-widget elementor-widget-counter\" data-id=\"3d511d08\" data-element_type=\"widget\" data-e-type=\"widget\" data-widget_type=\"counter.default\">\n\t\t\t\t\t\t\t<div class=\"elementor-counter\">\n\t\t\t<div class=\"elementor-counter-title\">Personas atendidas diariamente<\/div>\t\t\t<div class=\"elementor-counter-number-wrapper\">\n\t\t\t\t<span class=\"elementor-counter-number-prefix\"><\/span>\n\t\t\t\t<span class=\"elementor-counter-number\" data-duration=\"2000\" data-to-value=\"10\" data-from-value=\"0\" data-delimiter=\",\">0<\/span>\n\t\t\t\t<span class=\"elementor-counter-number-suffix\">K+<\/span>\n\t\t\t<\/div>\n\t\t<\/div>\n\t\t\t\t\t\t<\/div>\n\t\t\t\t<div class=\"elementor-element elementor-element-7d96627e elementor-widget elementor-widget-counter\" data-id=\"7d96627e\" data-element_type=\"widget\" data-e-type=\"widget\" data-widget_type=\"counter.default\">\n\t\t\t\t\t\t\t<div class=\"elementor-counter\">\n\t\t\t<div class=\"elementor-counter-title\">Proyectos en sitios remotos<\/div>\t\t\t<div class=\"elementor-counter-number-wrapper\">\n\t\t\t\t<span class=\"elementor-counter-number-prefix\"><\/span>\n\t\t\t\t<span class=\"elementor-counter-number\" data-duration=\"2000\" data-to-value=\"150\" data-from-value=\"0\" data-delimiter=\",\">0<\/span>\n\t\t\t\t<span class=\"elementor-counter-number-suffix\">+<\/span>\n\t\t\t<\/div>\n\t\t<\/div>\n\t\t\t\t\t\t<\/div>\n\t\t\t\t<div class=\"elementor-element elementor-element-6ddec44f elementor-widget elementor-widget-counter\" data-id=\"6ddec44f\" data-element_type=\"widget\" data-e-type=\"widget\" data-widget_type=\"counter.default\">\n\t\t\t\t\t\t\t<div class=\"elementor-counter\">\n\t\t\t<div class=\"elementor-counter-title\">Satisfacci\u00f3n de clientes<\/div>\t\t\t<div class=\"elementor-counter-number-wrapper\">\n\t\t\t\t<span class=\"elementor-counter-number-prefix\"><\/span>\n\t\t\t\t<span class=\"elementor-counter-number\" data-duration=\"2000\" data-to-value=\"4.8\" data-from-value=\"0\" data-delimiter=\",\">0<\/span>\n\t\t\t\t<span class=\"elementor-counter-number-suffix\">\u2605<\/span>\n\t\t\t<\/div>\n\t\t<\/div>\n\t\t\t\t\t\t<\/div>\n\t\t\t\t<\/div>\n\t\t\t\t<\/div>\n\t\t\t\t\t<\/div>\n\t\t\t\t<\/div>\n\t\t<div class=\"elementor-element elementor-element-53cbe85e e-flex e-con-boxed e-con e-parent\" data-id=\"53cbe85e\" data-element_type=\"container\" data-e-type=\"container\" data-settings=\"{&quot;background_background&quot;:&quot;classic&quot;}\">\n\t\t\t\t\t<div class=\"e-con-inner\">\n\t\t<div class=\"elementor-element elementor-element-78ce9c81 e-con-full e-flex elementor-invisible e-con e-child\" data-id=\"78ce9c81\" data-element_type=\"container\" data-e-type=\"container\" data-settings=\"{&quot;animation&quot;:&quot;fadeInLeft&quot;}\">\n\t\t\t\t<div class=\"elementor-element elementor-element-6246d8d7 elementor-widget elementor-widget-heading\" data-id=\"6246d8d7\" data-element_type=\"widget\" data-e-type=\"widget\" data-widget_type=\"heading.default\">\n\t\t\t\t\t<h6 class=\"elementor-heading-title elementor-size-default\">Sobre nosotros<\/h6>\t\t\t\t<\/div>\n\t\t\t\t<div class=\"elementor-element elementor-element-3f3214db elementor-widget__width-initial elementor-widget elementor-widget-heading\" data-id=\"3f3214db\" data-element_type=\"widget\" data-e-type=\"widget\" data-widget_type=\"heading.default\">\n\t\t\t\t\t<h2 class=\"elementor-heading-title elementor-size-default\">Lo que nos mueve y nos inspira<\/h2>\t\t\t\t<\/div>\n\t\t<div class=\"elementor-element elementor-element-496fa23 e-con-full e-flex e-con e-child\" data-id=\"496fa23\" data-element_type=\"container\" data-e-type=\"container\">\n\t\t\t\t<div class=\"elementor-element elementor-element-74644d6 elementor-widget elementor-widget-text-editor\" data-id=\"74644d6\" data-element_type=\"widget\" data-e-type=\"widget\" data-widget_type=\"text-editor.default\">\n\t\t\t\t\t\t\t\t\t<p data-start=\"167\" data-end=\"512\">Ser <strong data-start=\"171\" data-end=\"186\">reconocidos<\/strong> como la empresa argentina de referencia en servicios integrales de alimentaci\u00f3n y hoteler\u00eda para la industria minera y energ\u00e9tica en sitios remotos, as\u00ed como tambi\u00e9n para otros sectores, destac\u00e1ndonos por la excelencia operativa, la eficiencia, la cercan\u00eda con nuestros clientes, nuestros valores y nuestro compromiso social.<\/p><p data-start=\"514\" data-end=\"618\">Buscamos <strong data-start=\"523\" data-end=\"543\">seguir creciendo<\/strong> en sectores estrat\u00e9gicos, manteniendo nuestra identidad y trabajando para:<\/p><ol><li data-start=\"620\" data-end=\"713\"><p data-start=\"623\" data-end=\"713\"><strong data-start=\"623\" data-end=\"635\">Mantener<\/strong> un firme compromiso con la calidad, la seguridad y el cuidado del ambiente.<\/p><\/li><li data-start=\"714\" data-end=\"801\"><p data-start=\"717\" data-end=\"801\"><strong data-start=\"717\" data-end=\"726\">Basar<\/strong> la conducta de quienes integramos la compa\u00f1\u00eda en s\u00f3lidos valores \u00e9ticos.<\/p><\/li><li data-start=\"802\" data-end=\"895\"><p data-start=\"805\" data-end=\"895\"><strong data-start=\"805\" data-end=\"815\">Cuidar<\/strong> la salud y el bienestar de todas las personas que forman parte de la empresa.<\/p><\/li><li data-start=\"896\" data-end=\"1003\"><p data-start=\"899\" data-end=\"1003\"><strong data-start=\"899\" data-end=\"909\">Actuar<\/strong> con flexibilidad y rapidez de respuesta para asegurar la satisfacci\u00f3n de nuestros clientes.<\/p><\/li><li data-start=\"1004\" data-end=\"1073\"><p data-start=\"1007\" data-end=\"1073\"><strong data-start=\"1007\" data-end=\"1019\">Promover<\/strong> el crecimiento conjunto con clientes y proveedores.<\/p><\/li><li data-start=\"1074\" data-end=\"1138\"><p data-start=\"1077\" data-end=\"1138\"><strong data-start=\"1077\" data-end=\"1088\">Liderar<\/strong>, con cercan\u00eda y solidaridad, el desarrollo local.<\/p><\/li><\/ol>\t\t\t\t\t\t\t\t<\/div>\n\t\t\t\t<\/div>\n\t\t\t\t<\/div>\n\t\t\t\t\t<\/div>\n\t\t\t\t<\/div>\n\t\t<div class=\"elementor-element elementor-element-728530e e-flex e-con-boxed e-con e-parent\" data-id=\"728530e\" data-element_type=\"container\" data-e-type=\"container\" data-settings=\"{&quot;background_background&quot;:&quot;classic&quot;}\">\n\t\t\t\t\t<div class=\"e-con-inner\">\n\t\t<div class=\"elementor-element elementor-element-94dd779 e-con-full e-flex e-con e-child\" data-id=\"94dd779\" data-element_type=\"container\" data-e-type=\"container\">\n\t\t\t\t<div class=\"elementor-element elementor-element-e5e2da0 elementor-invisible elementor-widget elementor-widget-heading\" data-id=\"e5e2da0\" data-element_type=\"widget\" data-e-type=\"widget\" data-settings=\"{&quot;_animation&quot;:&quot;fadeInUp&quot;}\" data-widget_type=\"heading.default\">\n\t\t\t\t\t<div class=\"elementor-heading-title elementor-size-default\">Sostenibilidad<\/div>\t\t\t\t<\/div>\n\t\t\t\t<div class=\"elementor-element elementor-element-533d624 elementor-invisible elementor-widget elementor-widget-heading\" data-id=\"533d624\" data-element_type=\"widget\" data-e-type=\"widget\" data-settings=\"{&quot;_animation&quot;:&quot;fadeInUp&quot;,&quot;_animation_delay&quot;:200}\" data-widget_type=\"heading.default\">\n\t\t\t\t\t<div class=\"elementor-heading-title elementor-size-default\">Nuestra huella social se destaca por el fuerte compromiso territorial y la colaboraci\u00f3n.<br>\nTenemos como pilar de identidad el ejercicio permanente de una operaci\u00f3n socialmente responsable, proactiva y cercana en las comunidades donde trabajamos. \n<\/div>\t\t\t\t<\/div>\n\t\t\t\t<div class=\"elementor-element elementor-element-8476586 elementor-align-center elementor-invisible elementor-widget elementor-widget-button\" data-id=\"8476586\" data-element_type=\"widget\" data-e-type=\"widget\" data-settings=\"{&quot;_animation&quot;:&quot;fadeInUp&quot;,&quot;_animation_delay&quot;:300}\" data-widget_type=\"button.default\">\n\t\t\t\t\t\t\t\t\t\t<a class=\"elementor-button elementor-button-link elementor-size-sm\" href=\"https:\/\/atalimentaria.com\/web\/sostenibilidad\/\">\n\t\t\t\t\t\t<span class=\"elementor-button-content-wrapper\">\n\t\t\t\t\t\t\t\t\t<span class=\"elementor-button-text\">Ver m\u00e1s<\/span>\n\t\t\t\t\t<\/span>\n\t\t\t\t\t<\/a>\n\t\t\t\t\t\t\t\t<\/div>\n\t\t\t\t<\/div>\n\t\t\t\t\t<\/div>\n\t\t\t\t<\/div>\n\t\t\t\t<\/div>\n\t\t","protected":false},"excerpt":{"rendered":"<p>A\u00f1os de experiencia 20+ Qui\u00e9nes somos Con\u00f3zcanos: la experiencia detr\u00e1s de ATA \u00abDonde est\u00e1 el trabajo fuerte, nosotros llevamos la energ\u00eda reparadora\u00bb Somos una empresa argentina radicada en San Juan y con amplia trayectoria en servicios de alimentaci\u00f3n institucional, hoteler\u00eda y soporte integral en sitios remotos. Nuestro equipo ha liderado operaciones en condiciones extremas, brindando [&hellip;]<\/p>\n","protected":false},"author":1,"featured_media":0,"parent":0,"menu_order":0,"comment_status":"closed","ping_status":"closed","template":"elementor_header_footer","meta":{"footnotes":""},"class_list":["post-157","page","type-page","status-publish","hentry"],"jetpack_sharing_enabled":true,"_links":{"self":[{"href":"https:\/\/atalimentaria.com\/web\/wp-json\/wp\/v2\/pages\/157","targetHints":{"allow":["GET"]}}],"collection":[{"href":"https:\/\/atalimentaria.com\/web\/wp-json\/wp\/v2\/pages"}],"about":[{"href":"https:\/\/atalimentaria.com\/web\/wp-json\/wp\/v2\/types\/page"}],"author":[{"embeddable":true,"href":"https:\/\/atalimentaria.com\/web\/wp-json\/wp\/v2\/users\/1"}],"replies":[{"embeddable":true,"href":"https:\/\/atalimentaria.com\/web\/wp-json\/wp\/v2\/comments?post=157"}],"version-history":[{"count":73,"href":"https:\/\/atalimentaria.com\/web\/wp-json\/wp\/v2\/pages\/157\/revisions"}],"predecessor-version":[{"id":831,"href":"https:\/\/atalimentaria.com\/web\/wp-json\/wp\/v2\/pages\/157\/revisions\/831"}],"wp:attachment":[{"href":"https:\/\/atalimentaria.com\/web\/wp-json\/wp\/v2\/media?parent=157"}],"curies":[{"name":"wp","href":"https:\/\/api.w.org\/{rel}","templated":true}]}}